{"id":230,"date":"2024-09-23T14:39:46","date_gmt":"2024-09-23T14:39:46","guid":{"rendered":"https:\/\/chickencross.co\/?page_id=230"},"modified":"2024-11-04T15:12:04","modified_gmt":"2024-11-04T15:12:04","slug":"about-chicken-cross","status":"publish","type":"page","link":"https:\/\/chickencross.co\/pt\/about-chicken-cross\/","title":{"rendered":"Sobre Chicken Cross"},"content":{"rendered":"<div data-elementor-type=\"wp-page\" data-elementor-id=\"230\" class=\"elementor elementor-230\" data-elementor-post-type=\"page\">\n\t\t\t\t\t\t<section class=\"elementor-section elementor-top-section elementor-element elementor-element-17e6eebc elementor-section-boxed elementor-section-height-default elementor-section-height-default\" data-id=\"17e6eebc\" data-element_type=\"section\" data-settings=\"{&quot;background_background&quot;:&quot;classic&quot;}\">\n\t\t\t\t\t\t\t<div class=\"elementor-background-overlay\"><\/div>\n\t\t\t\t\t\t\t<div class=\"elementor-container elementor-column-gap-default\">\n\t\t\t\t\t<div class=\"elementor-column elementor-col-100 elementor-top-column elementor-element elementor-element-b565003 elementor-invisible\" data-id=\"b565003\" data-element_type=\"column\" data-settings=\"{&quot;animation&quot;:&quot;fadeInUp&quot;}\">\n\t\t\t<div class=\"elementor-widget-wrap elementor-element-populated\">\n\t\t\t\t\t\t<div class=\"elementor-element elementor-element-626d1e73 elementor-widget elementor-widget-heading\" data-id=\"626d1e73\" data-element_type=\"widget\" data-widget_type=\"heading.default\">\n\t\t\t\t<div class=\"elementor-widget-container\">\n\t\t\t\t\t<h1 class=\"elementor-heading-title elementor-size-default\">Sobre Chicken Cross\n<\/h1>\t\t\t\t<\/div>\n\t\t\t\t<\/div>\n\t\t\t\t\t<\/div>\n\t\t<\/div>\n\t\t\t\t\t<\/div>\n\t\t<\/section>\n\t\t\t\t<section class=\"elementor-section elementor-top-section elementor-element elementor-element-12782ec elementor-section-boxed elementor-section-height-default elementor-section-height-default\" data-id=\"12782ec\" data-element_type=\"section\" data-settings=\"{&quot;background_background&quot;:&quot;classic&quot;}\">\n\t\t\t\t\t\t<div class=\"elementor-container elementor-column-gap-default\">\n\t\t\t\t\t<div class=\"elementor-column elementor-col-100 elementor-top-column elementor-element elementor-element-b67d1e4\" data-id=\"b67d1e4\" data-element_type=\"column\">\n\t\t\t<div class=\"elementor-widget-wrap elementor-element-populated\">\n\t\t\t\t\t\t<section class=\"elementor-section elementor-inner-section elementor-element elementor-element-f23c12a elementor-section-boxed elementor-section-height-default elementor-section-height-default\" data-id=\"f23c12a\" data-element_type=\"section\">\n\t\t\t\t\t\t<div class=\"elementor-container elementor-column-gap-default\">\n\t\t\t\t\t<div class=\"elementor-column elementor-col-50 elementor-inner-column elementor-element elementor-element-ccd5831\" data-id=\"ccd5831\" data-element_type=\"column\">\n\t\t\t<div class=\"elementor-widget-wrap elementor-element-populated\">\n\t\t\t\t\t\t<div class=\"elementor-element elementor-element-d6ae5dd elementor-widget__width-auto elementor-absolute elementor-hidden-tablet elementor-hidden-mobile elementor-widget elementor-widget-image\" data-id=\"d6ae5dd\" data-element_type=\"widget\" data-settings=\"{&quot;_position&quot;:&quot;absolute&quot;}\" data-widget_type=\"image.default\">\n\t\t\t\t<div class=\"elementor-widget-container\">\n\t\t\t\t\t\t\t\t\t\t\t\t\t\t\t<img fetchpriority=\"high\" decoding=\"async\" width=\"360\" height=\"361\" src=\"https:\/\/chickencross.co\/wp-content\/uploads\/2024\/09\/Ellipse-23.png\" class=\"attachment-large size-large wp-image-16\" alt=\"\" srcset=\"https:\/\/chickencross.co\/wp-content\/uploads\/2024\/09\/Ellipse-23.png 360w, https:\/\/chickencross.co\/wp-content\/uploads\/2024\/09\/Ellipse-23-300x300.png 300w, https:\/\/chickencross.co\/wp-content\/uploads\/2024\/09\/Ellipse-23-150x150.png 150w\" sizes=\"(max-width: 360px) 100vw, 360px\" \/>\t\t\t\t\t\t\t\t\t\t\t\t\t\t\t<\/div>\n\t\t\t\t<\/div>\n\t\t\t\t<div class=\"elementor-element elementor-element-7a8094c elementor-widget elementor-widget-heading\" data-id=\"7a8094c\" data-element_type=\"widget\" data-widget_type=\"heading.default\">\n\t\t\t\t<div class=\"elementor-widget-container\">\n\t\t\t\t\t<h2 class=\"elementor-heading-title elementor-size-default\">Sobre Chicken Cross\n<\/h2>\t\t\t\t<\/div>\n\t\t\t\t<\/div>\n\t\t\t\t<div class=\"elementor-element elementor-element-6fb09f8 elementor-star-rating-mobile--align-center elementor--star-style-star_fontawesome elementor-widget elementor-widget-star-rating\" data-id=\"6fb09f8\" data-element_type=\"widget\" data-widget_type=\"star-rating.default\">\n\t\t\t\t<div class=\"elementor-widget-container\">\n\t\t\t\t\t\n\t\t<div class=\"elementor-star-rating__wrapper\">\n\t\t\t\t\t\t<div class=\"elementor-star-rating\" title=\"5\/5\" itemtype=\"http:\/\/schema.org\/Rating\" itemscope=\"\" itemprop=\"reviewRating\"><i class=\"elementor-star-full\">&#xE934;<\/i><i class=\"elementor-star-full\">&#xE934;<\/i><i class=\"elementor-star-full\">&#xE934;<\/i><i class=\"elementor-star-full\">&#xE934;<\/i><i class=\"elementor-star-full\">&#xE934;<\/i> <span itemprop=\"ratingValue\" class=\"elementor-screen-only\">5\/5<\/span><\/div>\t\t<\/div>\n\t\t\t\t\t\t<\/div>\n\t\t\t\t<\/div>\n\t\t\t\t<div class=\"elementor-element elementor-element-60c5e4e elementor-hidden-tablet elementor-widget elementor-widget-text-editor\" data-id=\"60c5e4e\" data-element_type=\"widget\" data-widget_type=\"text-editor.default\">\n\t\t\t\t<div class=\"elementor-widget-container\">\n\t\t\t\t\t\t\t\t\t<p class=\" translation-block\"><span style=\"font-weight: 400\"><a href=\"https:\/\/chickencross.co\/\" target=\"_self\">Chicken Cross<\/a> \u00e9 um novo minijogo divertido da Upgaming que os jogadores est\u00e3o adorando. \u00c9 uma nova abordagem do antigo jogo de \"galinha atravessando a rua\". Em Chicken Cross, voc\u00ea ajuda seu personagem a atravessar ruas movimentadas, tentando n\u00e3o ser atropelado por carros. Voc\u00ea tamb\u00e9m pode fazer apostas para torn\u00e1-lo ainda mais emocionante.<\/span><\/p><p><span style=\"font-weight: 400;\">O jogo combina a divers\u00e3o de apostar com o conhecido jogo de atravessar galinhas. As regras s\u00e3o simples: fa\u00e7a sua aposta, entre no tr\u00e2nsito e pare antes que um carro bata em voc\u00ea. Se estiver se sentindo corajoso, tente atravessar mais faixas para ganhar recompensas maiores! Quanto mais longe voc\u00ea for, mais voc\u00ea ganha!<\/span><\/p>\t\t\t\t\t\t\t\t<\/div>\n\t\t\t\t<\/div>\n\t\t\t\t<div class=\"elementor-element elementor-element-354e967 elementor-widget elementor-widget-spacer\" data-id=\"354e967\" data-element_type=\"widget\" data-widget_type=\"spacer.default\">\n\t\t\t\t<div class=\"elementor-widget-container\">\n\t\t\t\t\t\t\t<div class=\"elementor-spacer\">\n\t\t\t<div class=\"elementor-spacer-inner\"><\/div>\n\t\t<\/div>\n\t\t\t\t\t\t<\/div>\n\t\t\t\t<\/div>\n\t\t\t\t<div class=\"elementor-element elementor-element-3f7e90d elementor-mobile-align-justify elementor-widget elementor-widget-button\" data-id=\"3f7e90d\" data-element_type=\"widget\" data-widget_type=\"button.default\">\n\t\t\t\t<div class=\"elementor-widget-container\">\n\t\t\t\t\t\t\t\t\t<div class=\"elementor-button-wrapper\">\n\t\t\t\t\t<a class=\"elementor-button elementor-button-link elementor-size-sm elementor-animation-float\" href=\"https:\/\/chickencross.co\/pt\/go\/upgaming\/\">\n\t\t\t\t\t\t<span class=\"elementor-button-content-wrapper\">\n\t\t\t\t\t\t\t\t\t<span class=\"elementor-button-text\">Upgaming<\/span>\n\t\t\t\t\t<\/span>\n\t\t\t\t\t<\/a>\n\t\t\t\t<\/div>\n\t\t\t\t\t\t\t\t<\/div>\n\t\t\t\t<\/div>\n\t\t\t\t\t<\/div>\n\t\t<\/div>\n\t\t\t\t<div class=\"elementor-column elementor-col-50 elementor-inner-column elementor-element elementor-element-085b5e0\" data-id=\"085b5e0\" data-element_type=\"column\">\n\t\t\t<div class=\"elementor-widget-wrap elementor-element-populated\">\n\t\t\t\t\t\t<div class=\"elementor-element elementor-element-d7adfbc elementor-widget elementor-widget-image\" data-id=\"d7adfbc\" data-element_type=\"widget\" data-widget_type=\"image.default\">\n\t\t\t\t<div class=\"elementor-widget-container\">\n\t\t\t\t\t\t\t\t\t\t\t\t\t\t\t<img decoding=\"async\" src=\"https:\/\/chickencross.co\/wp-content\/uploads\/2024\/09\/cropped-chicken.webp\" title=\"cropped-chicken.webp\" alt=\"cropped-chicken.webp\" loading=\"lazy\" \/>\t\t\t\t\t\t\t\t\t\t\t\t\t\t\t<\/div>\n\t\t\t\t<\/div>\n\t\t\t\t\t<\/div>\n\t\t<\/div>\n\t\t\t\t\t<\/div>\n\t\t<\/section>\n\t\t\t\t\t<\/div>\n\t\t<\/div>\n\t\t\t\t\t<\/div>\n\t\t<\/section>\n\t\t\t\t<\/div>","protected":false},"excerpt":{"rendered":"<p>About Chicken Cross About Chicken Cross &#xE934;&#xE934;&#xE934;&#xE934;&#xE934; 5\/5 Chicken Cross is a fun new mini-game from Upgaming that players are loving. It\u2019s a fresh take on the old &#8220;chicken crossing the road&#8221; game. In Chicken Cross, you help your character cross busy roads, trying not to get hit by cars. You can also place bets [&hellip;]<\/p>","protected":false},"author":1,"featured_media":0,"parent":0,"menu_order":0,"comment_status":"closed","ping_status":"closed","template":"elementor_header_footer","meta":{"footnotes":""},"class_list":["post-230","page","type-page","status-publish","hentry"],"_links":{"self":[{"href":"https:\/\/chickencross.co\/pt\/wp-json\/wp\/v2\/pages\/230","targetHints":{"allow":["GET"]}}],"collection":[{"href":"https:\/\/chickencross.co\/pt\/wp-json\/wp\/v2\/pages"}],"about":[{"href":"https:\/\/chickencross.co\/pt\/wp-json\/wp\/v2\/types\/page"}],"author":[{"embeddable":true,"href":"https:\/\/chickencross.co\/pt\/wp-json\/wp\/v2\/users\/1"}],"replies":[{"embeddable":true,"href":"https:\/\/chickencross.co\/pt\/wp-json\/wp\/v2\/comments?post=230"}],"version-history":[{"count":13,"href":"https:\/\/chickencross.co\/pt\/wp-json\/wp\/v2\/pages\/230\/revisions"}],"predecessor-version":[{"id":341,"href":"https:\/\/chickencross.co\/pt\/wp-json\/wp\/v2\/pages\/230\/revisions\/341"}],"wp:attachment":[{"href":"https:\/\/chickencross.co\/pt\/wp-json\/wp\/v2\/media?parent=230"}],"curies":[{"name":"wp","href":"https:\/\/api.w.org\/{rel}","templated":true}]}}